{"id":75,"date":"2019-05-20T10:50:15","date_gmt":"2019-05-20T07:50:15","guid":{"rendered":"https:\/\/www.magre.com.tr\/?page_id=75"},"modified":"2019-05-24T17:34:32","modified_gmt":"2019-05-24T14:34:32","slug":"insan-kaynaklari","status":"publish","type":"page","link":"https:\/\/www.magre.com.tr\/en\/insan-kaynaklari\/","title":{"rendered":"Human Resources"},"content":{"rendered":"<div class=\"wpb-content-wrapper\"><p>[vc_row][vc_column width=&#8221;2\/3&#8243;][vc_column_text]<\/p>\n<h2>\u0130nsan Kaynaklar\u0131 Politikam\u0131z<\/h2>\n<p>MAGRE, kalite hedeflerini yakalamak i\u00e7in \u015firketin hedef ve k\u00fclt\u00fcr\u00fcne uygun yetenekli insanlar\u0131 b\u00fcnyesine katmay\u0131 ama\u00e7 edinmi\u015ftir.<br \/>\n\u0130nsan kaynaklar\u0131 b\u00f6l\u00fcm\u00fc, yap\u0131lan t\u00fcm ba\u015fvurular\u0131 de\u011ferlendirerek, a\u00e7\u0131k pozisyonlar i\u00e7in uygun \u00f6z ge\u00e7mi\u015fe sahip adaylar\u0131 g\u00f6r\u00fc\u015fme i\u00e7in ilgili birim yetkilisine y\u00f6nlendirir. MAGRE \u2018ye yap\u0131lan t\u00fcm ba\u015fvurular insan kaynaklar\u0131 ar\u015fivinde, ilerideki ihtiya\u00e7lar i\u00e7in, 1 y\u0131l boyunca muhafaza edilir.<\/p>\n<p><strong>\u0130NSAN KAYNAKLARI PRENS\u0130PLER\u0130M\u0130Z<\/strong><br \/>\n\u0130nsan kaynaklar\u0131, firmam\u0131z\u0131n sadece en \u00f6nemli kayna\u011f\u0131 de\u011fil, t\u00fcm kaynaklar\u0131 y\u00f6neten as\u0131l varl\u0131\u011f\u0131m\u0131z olarak kabul ederiz.<br \/>\nFirma olarak nitelikli personel adaylar\u0131n\u0131n \u00f6ncelikle tercih ettikleri ve \u00e7al\u0131\u015fmak istedikleri bir firma olmaya gayret g\u00f6steririz.<br \/>\n\u0130nsan kaynaklar\u0131m\u0131z\u0131 se\u00e7erken firmam\u0131za de\u011fer katacak, de\u011ferlerimizi benimseyip ya\u015fatacak; geli\u015fim potansiyeli y\u00fcksek, i\u015fin gerektirdi\u011fi bilgi ve beceriye sahip ki\u015filer aras\u0131ndan e\u015fit f\u0131rsat ilkelerini g\u00f6zeterek yapar\u0131z.<br \/>\nBa\u015far\u0131m\u0131z\u0131n, m\u00fc\u015fteri memnuniyetine ve \u00e7al\u0131\u015fanlar\u0131m\u0131z\u0131n motivasyonuna ba\u011fl\u0131 oldu\u011funu bilir, bu kriterleri en \u00fcst seviyede tutmak i\u00e7in \u00e7al\u0131\u015fmalar ve etkinlikler yapar\u0131z.<\/p>\n<p>\u00c7al\u0131\u015fanlar\u0131m\u0131z\u0131n ki\u015fisel geli\u015fimlerini artt\u0131rmas\u0131 ad\u0131na, \u00e7al\u0131\u015fanlar\u0131m\u0131z\u0131 f\u0131rsat e\u015fitli\u011fi g\u00f6zeten bir sistem i\u00e7erisinde de\u011ferlendiririz. Bu de\u011ferlendirmeyi de; ki\u015fisel profilindeki geli\u015fme, g\u00f6revini tamamlama ve \u00fcstlerin takdiri gibi kriterleri g\u00f6z \u00f6n\u00fcnde tutarak yapar\u0131z.<\/p>\n<p><strong>Aram\u0131za Ho\u015f geldiniz<\/strong><br \/>\nD\u00fcnyan\u0131n ve T\u00fcrkiye\u2019nin en sayg\u0131n &#8220;Otel Mobilyalar\u0131 ve \u0130\u00e7 Mimarl\u0131k&#8221; \u015firketinden birinde \u00e7al\u0131\u015facak ve kazand\u0131\u011f\u0131m\u0131z her ba\u015far\u0131da kendi eme\u011finizi ve g\u00fcc\u00fcn\u00fcz\u00fc g\u00f6receksiniz. \u015eimdiden aram\u0131za ho\u015f geldiniz..<br \/>\n<em>Yan taraftaki formdan \u0130nsan Kaynaklar\u0131 b\u00f6l\u00fcm\u00fcm\u00fcze CV\u2019nizi g\u00f6nderebilirsiniz.<\/em>[\/vc_column_text][\/vc_column][vc_column width=&#8221;1\/3&#8243; css=&#8221;.vc_custom_1557738313094{background-color: #293133 !important;}&#8221;][vc_custom_heading text=&#8221;CV Form&#8221; font_container=&#8221;tag:h3|text_align:center|color:%23ffffff&#8221; use_theme_fonts=&#8221;yes&#8221; css=&#8221;.vc_custom_1558338266565{padding-top: 20px !important;}&#8221;]\n<div class=\"wpcf7 no-js\" id=\"wpcf7-f72-o2\" lang=\"tr-TR\" dir=\"ltr\" data-wpcf7-id=\"72\">\n<div class=\"screen-reader-response\"><p role=\"status\" aria-live=\"polite\" aria-atomic=\"true\"><\/p> <ul><\/ul><\/div>\n<form action=\"\/en\/wp-json\/wp\/v2\/pages\/75#wpcf7-f72-o2\" method=\"post\" class=\"wpcf7-form init\" aria-label=\"\u0130leti\u015fim Formu\" enctype=\"multipart\/form-data\" novalidate=\"novalidate\" data-status=\"init\">\n<fieldset class=\"hidden-fields-container\"><input type=\"hidden\" name=\"_wpcf7\" value=\"72\" \/><input type=\"hidden\" name=\"_wpcf7_version\" value=\"6.1.5\" \/><input type=\"hidden\" name=\"_wpcf7_locale\" value=\"tr_TR\" \/><input type=\"hidden\" name=\"_wpcf7_unit_tag\" value=\"wpcf7-f72-o2\" \/><input type=\"hidden\" name=\"_wpcf7_container_post\" value=\"0\" \/><input type=\"hidden\" name=\"_wpcf7_posted_data_hash\" value=\"\" \/><input type=\"hidden\" name=\"_wpcf7_recaptcha_response\" value=\"\" \/>\n<\/fieldset>\n<div class=\"row\">\n\t<div class=\"col-lg-12\">\n\t\t<p><i class=\"Simple-Line-Icons-user text-color-light\"><\/i><span class=\"wpcf7-form-control-wrap\" data-name=\"your-name\"><input size=\"40\" maxlength=\"400\" class=\"wpcf7-form-control wpcf7-text wpcf7-validates-as-required custom-contact-input\" aria-required=\"true\" aria-invalid=\"false\" placeholder=\"Name Surname *\" value=\"\" type=\"text\" name=\"your-name\" \/><\/span>\n\t\t<\/p>\n\t<\/div>\n\t<div class=\"col-lg-12\">\n\t\t<p><i class=\"Simple-Line-Icons-envelope text-color-light\"><\/i><span class=\"wpcf7-form-control-wrap\" data-name=\"your-email\"><input size=\"40\" maxlength=\"400\" class=\"wpcf7-form-control wpcf7-email wpcf7-validates-as-required wpcf7-text wpcf7-validates-as-email custom-contact-input\" aria-required=\"true\" aria-invalid=\"false\" placeholder=\"Email *\" value=\"\" type=\"email\" name=\"your-email\" \/><\/span>\n\t\t<\/p>\n\t<\/div>\n<\/div>\n<div class=\"row\">\n\t<div class=\"col-lg-12\">\n\t\t<p><i class=\"Simple-Line-Icons-call-out icons text-color-light\"><\/i><span class=\"wpcf7-form-control-wrap\" data-name=\"your-phone\"><input size=\"40\" maxlength=\"400\" class=\"wpcf7-form-control wpcf7-text wpcf7-validates-as-required custom-contact-input\" aria-required=\"true\" aria-invalid=\"false\" placeholder=\"Phone *\" value=\"\" type=\"text\" name=\"your-phone\" \/><\/span>\n\t\t<\/p>\n\t<\/div>\n<\/div>\n<div class=\"row\">\n\t<div class=\"col-lg-12\">\n\t\t<p><i class=\"Simple-Line-Icons-bubble icons text-color-light\"><\/i><span class=\"wpcf7-form-control-wrap\" data-name=\"txt-msg\"><textarea cols=\"40\" rows=\"10\" maxlength=\"2000\" class=\"wpcf7-form-control wpcf7-textarea wpcf7-validates-as-required custom-contact-input\" aria-required=\"true\" aria-invalid=\"false\" placeholder=\"Message *\" name=\"txt-msg\"><\/textarea><\/span>\n\t\t<\/p>\n\t<\/div>\n<\/div>\n<div class=\"row\">\n\t<div class=\"col-lg-12\">\n\t\t<p style=\"color:white;\">Your CV file *\n\t\t<\/p>\n\t\t<p><span class=\"wpcf7-form-control-wrap\" data-name=\"dosyacv\"><input size=\"40\" class=\"wpcf7-form-control wpcf7-file wpcf7-validates-as-required custom-contact-input\" accept=\".pdf,.doc,.docx\" aria-required=\"true\" aria-invalid=\"false\" type=\"file\" name=\"dosyacv\" \/><\/span>\n\t\t<\/p>\n\t<\/div>\n<\/div>\n<div class=\"row center\">\n\t<div class=\"col-lg-12\">\n\t\t<center>\n\t\t<span class=\"wpcf7-form-control-wrap recaptcha\" data-name=\"recaptcha\"><span data-sitekey=\"6LdOfEwqAAAAAEyvK5jtnEy2ZMd_7BrDlXpPCCqS\" class=\"wpcf7-form-control wpcf7-recaptcha g-recaptcha\"><\/span>\r\n<noscript>\r\n\t<div class=\"grecaptcha-noscript\">\r\n\t\t<iframe loading=\"lazy\" src=\"https:\/\/www.google.com\/recaptcha\/api\/fallback?k=6LdOfEwqAAAAAEyvK5jtnEy2ZMd_7BrDlXpPCCqS\" frameborder=\"0\" scrolling=\"no\" width=\"310\" height=\"430\">\r\n\t\t<\/iframe>\r\n\t\t<textarea name=\"g-recaptcha-response\" rows=\"3\" cols=\"40\" placeholder=\"reCaptcha Response Here\">\r\n\t\t<\/textarea>\r\n\t<\/div>\r\n<\/noscript>\r\n<\/span>\n\t\t<\/center>\n\t\t<p><\/ br>\n\t\t<\/p>\n\t<\/div>\n<\/div>\n<div class=\"row center\">\n\t<div class=\"col-lg-12\">\n\t\t<p><input class=\"wpcf7-form-control wpcf7-submit has-spinner custom-btn-style-4\" type=\"submit\" value=\"CV Sumbit\" \/>\n\t\t<\/p>\n\t<\/div>\n<\/div>\n<style>\n.wpcf7-form > .row > *{ margin-bottom: 25px; }\n.wpcf7-form i{ position: absolute; top: 10px; }\n.wpcf7-form-control.custom-contact-input {\n width: 100%;\n background: none;\n border: 0px;\n border-bottom: 1px solid rgba(228, 228, 228);\n box-shadow: none;\n padding: 10px 10px 10px 30px;\n color: #f4f4f4;\n -webkit-appearance: none;\n -moz-appearance: none;\n -ms-appearance: none;\n -o-appearance: none;\n appearance: none;\n}\n.custom-select-style:after {\n content: '';\n display: block;\n position: absolute;\n top: 50%;\n right: 25px;\n width: 10px;\n height: 10px;\n border-right: 1px solid #f4f4f4;\n border-bottom: 1px solid #f4f4f4;\n z-index: 0;\n -webkit-transform: translateY(-50%) rotate(45deg);\n -moz-transform: translateY(-50%) rotate(45deg);\n -ms-transform: translateY(-50%) rotate(45deg);\n -o-transform: translateY(-50%) rotate(45deg);\n transform: translateY(-50%) rotate(45deg);\n}\nselect.custom-contact-input option { color: #f4f4f4; }\n.wpcf7-submit.custom-btn-style-4 {\n background: transparent !important;\n color: #f4f4f4;\n font-weight: 900 !important;\n border: 2px solid #f4f4f4 !important;\n padding: 10px 20px !important;\n font-size: 14px;\n border-radius: 0px !important;\n}\n.wpcf7-submit.custom-btn-style-4:hover {\n background: #f4f4f4 !important;\n color: #f4f4f4 !important;\n}\n::-webkit-input-placeholder { color: #f4f4f4; }\n::-moz-placeholder { color: #f4f4f4; }\n:-ms-input-placeholder { color: #f4f4f4; }\n:-moz-placeholder{ color: #f4f4f4; }\n@media(max-width: 991px){\n\t.wpcf7-form > .row > *{ margin-bottom: 15px; }\n\t.wpcf7-form .row.center{ margin-top: 10px; }\n}\n<\/style><div class=\"wpcf7-response-output\" aria-hidden=\"true\"><\/div>\n<\/form>\n<\/div>\n[\/vc_column][\/vc_row]<\/p>\n<\/div>","protected":false},"excerpt":{"rendered":"<p>[vc_row][vc_column width=&#8221;2\/3&#8243;][vc_column_text] \u0130nsan Kaynaklar\u0131 Politikam\u0131z MAGRE, kalite hedeflerini yakalamak i\u00e7in \u015firketin hedef ve k\u00fclt\u00fcr\u00fcne uygun yetenekli insanlar\u0131 b\u00fcnyesine katmay\u0131 ama\u00e7 edinmi\u015ftir. \u0130nsan kaynaklar\u0131 b\u00f6l\u00fcm\u00fc, yap\u0131lan t\u00fcm ba\u015fvurular\u0131 de\u011ferlendirerek, a\u00e7\u0131k pozisyonlar i\u00e7in uygun \u00f6z ge\u00e7mi\u015fe sahip adaylar\u0131 g\u00f6r\u00fc\u015fme i\u00e7in ilgili birim yetkilisine y\u00f6nlendirir. MAGRE \u2018ye yap\u0131lan t\u00fcm ba\u015fvurular insan kaynaklar\u0131 ar\u015fivinde, ilerideki ihtiya\u00e7lar i\u00e7in, 1 y\u0131l [&hellip;]<\/p>\n","protected":false},"author":1,"featured_media":0,"parent":0,"menu_order":0,"comment_status":"closed","ping_status":"closed","template":"","meta":{"footnotes":""},"class_list":["post-75","page","type-page","status-publish","hentry"],"aioseo_notices":[],"_links":{"self":[{"href":"https:\/\/www.magre.com.tr\/en\/wp-json\/wp\/v2\/pages\/75","targetHints":{"allow":["GET"]}}],"collection":[{"href":"https:\/\/www.magre.com.tr\/en\/wp-json\/wp\/v2\/pages"}],"about":[{"href":"https:\/\/www.magre.com.tr\/en\/wp-json\/wp\/v2\/types\/page"}],"author":[{"embeddable":true,"href":"https:\/\/www.magre.com.tr\/en\/wp-json\/wp\/v2\/users\/1"}],"replies":[{"embeddable":true,"href":"https:\/\/www.magre.com.tr\/en\/wp-json\/wp\/v2\/comments?post=75"}],"version-history":[{"count":1,"href":"https:\/\/www.magre.com.tr\/en\/wp-json\/wp\/v2\/pages\/75\/revisions"}],"predecessor-version":[{"id":530,"href":"https:\/\/www.magre.com.tr\/en\/wp-json\/wp\/v2\/pages\/75\/revisions\/530"}],"wp:attachment":[{"href":"https:\/\/www.magre.com.tr\/en\/wp-json\/wp\/v2\/media?parent=75"}],"curies":[{"name":"wp","href":"https:\/\/api.w.org\/{rel}","templated":true}]}}